{"id":191,"date":"2025-04-30T15:06:39","date_gmt":"2025-04-30T15:06:39","guid":{"rendered":"https:\/\/ykkospakki.fi\/?page_id=191"},"modified":"2025-07-09T21:17:48","modified_gmt":"2025-07-09T21:17:48","slug":"palvelut","status":"publish","type":"page","link":"https:\/\/ykkospakki.fi\/","title":{"rendered":""},"content":{"rendered":"\n<p>Ykk\u00f6spakki Oy:n pakista l\u00f6ytyy monipuolista osaamista. Alla lueteltu muutamia palveluita joita voimme tarjota. Kysy rohkeasti lis\u00e4\u00e4!<\/p>\n\n\n\n<p><strong>Kurottaja- ja konety\u00f6t<\/strong><\/p>\n\n\n\n<ul class=\"wp-block-list\">\n<li>rakennusty\u00f6maiden kuormien purku onnistuu tarkasti ja ammattitaitoisesti<\/li>\n\n\n\n<li>ty\u00f6maanlogistiikasta ja j\u00e4tteiden kierr\u00e4tyksest\u00e4 vastaaminen onnistuu sovitusti<\/li>\n\n\n\n<li>meill\u00e4 kuski nousee my\u00f6s kopista ja tekee tarvittaessa my\u00f6s muita hommia, vaikka paneloi sein\u00e4n tai hitsaa<\/li>\n\n\n\n<li>mm. BC-ajokortti sek\u00e4 ty\u00f6turvallisuuskortti l\u00f6ytyy<\/li>\n<\/ul>\n\n\n\n<p><strong>Pienet remontti- ja korjausty\u00f6t<\/strong><\/p>\n\n\n\n<ul class=\"wp-block-list\">\n<li>toteutamme vaikka saunan uudelleenpaneloinnit tai lauteiden teot<\/li>\n\n\n\n<li>kaappien kokoamiset ja asennukset, pienet listoitusty\u00f6t, verhokiskojen asennukset yms.<\/li>\n\n\n\n<li>terassien ja kaiteiden korjaukset, laajennukset, uusimiset jne.<\/li>\n<\/ul>\n\n\n\n<p><strong>Rakennusaputy\u00f6t ja rakennusty\u00f6t<\/strong><\/p>\n\n\n\n<ul class=\"wp-block-list\">\n<li>puurakenteisten talojen rakennusty\u00f6t onnistuvat laajasti, esim. rungon pystytys, levytys, panelointi, raakapontin ja huopakaton asennus, lattialankkujen asennus<\/li>\n\n\n\n<li>tiivistykset, teippaukset, suojaukset<\/li>\n<\/ul>\n\n\n\n<p><strong>Hitsaus<\/strong><\/p>\n\n\n\n<ul class=\"wp-block-list\">\n<li>putkihitsaus<\/li>\n\n\n\n<li>tig-hitsaus<\/li>\n<\/ul>\n\n\n\n<p><strong>Kiinteist\u00f6nhuolto ja m\u00f6kkitalkkari<\/strong><\/p>\n\n\n\n<ul class=\"wp-block-list\">\n<li>piha-alueiden hoito, lumity\u00f6t suoritetaan sovittaessa vaikka portaiden harjausta my\u00f6ten, kulkualueiden hiekotus, nurmikoiden leikkuu, trimmer\u00f6inti tai vaikka pensaiden leikkuu<\/li>\n\n\n\n<li>kunnossapito ja korjaukset, lamppujen ja paristojen vaihdot, pienet korjaukset, ovikoodien vaihdot<\/li>\n\n\n\n<li>m\u00f6kkitalkkarihommia voidaan sopia joustavasti, oli tarve sitten vaikka polttopuiden pinoamisessa tai m\u00f6kin tarkastamisessa<\/li>\n<\/ul>\n\n\n\n<p><strong>Vuokraa ty\u00f6ntekij\u00e4 yritykselle<\/strong><\/p>\n\n\n\n<ul class=\"wp-block-list\">\n<li>palkkaa meilt\u00e4 tekij\u00e4 kiireavuksi tai pitemp\u00e4\u00e4n projektiin. Kysy yrityksellesi sopivaa tekij\u00e4\u00e4<\/li>\n<\/ul>\n\n\n\n<p><strong>K\u00e4rryvuokraus<\/strong> <\/p>\n\n\n\n<div class=\"wp-block-group is-nowrap is-layout-flex wp-container-core-group-is-layout-ad2f72ca wp-block-group-is-layout-flex\">\n<ul class=\"wp-block-list\">\n<li>meilt\u00e4 voit vuokrata edullisesti kippaavan kuomuk\u00e4rryn ja toimitamme sovittaessa k\u00e4rryn haluttuun paikkaan. Tarvittaessa saatavilla my\u00f6s kantoapua, nokkak\u00e4rryt ja kuljetusalusta (Dolly). Kuomuk\u00e4rryn vuokraan kuuluu pari kappaletta kuormaliinoja sek\u00e4 pistokeadapteri.<\/li>\n\n\n\n<li>&nbsp;vuokrattavissa my\u00f6s m\u00f6nkij\u00e4n k\u00e4rry<\/li>\n<\/ul>\n<\/div>\n\n\n\n<details class=\"wp-block-details is-layout-flow wp-block-details-is-layout-flow\"><summary>HINNASTO<\/summary>\n<p>Vuokrattavana B-ajokortilla vedett\u00e4v\u00e4 kuomuk\u00e4rry kipill\u00e4. K\u00e4rryn pituus 330 cm, leveys 150cm, kuomuosan korkeus noin 130 cm ja laidan korkeus 35 cm. K\u00e4rryn varusteisiin kuuluu pistokeadapteri ja kaksi kuormaliinaa.<\/p>\n\n\n\n<ul class=\"wp-block-list\">\n<li>10 \u20ac \/ 4h<\/li>\n\n\n\n<li>20 \u20ac \/ 1 vrk<\/li>\n\n\n\n<li>50 \u20ac \/ 3 vrk<\/li>\n<\/ul>\n\n\n\n<p>Nouto ja palautus Sirkasta. Saatavilla lis\u00e4ksi mm. k\u00e4rryn toimitus- ja hakupalvelut sek\u00e4 tarvittaessa vaikka kantoapu, nokkak\u00e4rryt ja kuljetusalusta (Dolly).<\/p>\n\n\n\n<p>Pidemm\u00e4t vuokra-ajat, m\u00f6nkij\u00e4n k\u00e4rryn vuokraus, sek\u00e4 muut palvelut sovitaan erikseen.<\/p>\n\n\n\n<p>Kysy lis\u00e4\u00e4 &#8211; 044 354 1423 \/ Pekka tai info@ykkospakki.fi<\/p>\n<\/details>\n\n\n\n<figure class=\"wp-block-image size-large\"><img loading=\"lazy\" decoding=\"async\" width=\"1024\" height=\"516\" src=\"https:\/\/ykkospakki.fi\/wp-content\/uploads\/2025\/07\/karryt-1024x516.jpg\" alt=\"\" class=\"wp-image-310\" srcset=\"https:\/\/ykkospakki.fi\/wp-content\/uploads\/2025\/07\/karryt-1024x516.jpg 1024w, https:\/\/ykkospakki.fi\/wp-content\/uploads\/2025\/07\/karryt-300x151.jpg 300w, https:\/\/ykkospakki.fi\/wp-content\/uploads\/2025\/07\/karryt-768x387.jpg 768w, https:\/\/ykkospakki.fi\/wp-content\/uploads\/2025\/07\/karryt.jpg 1275w\" sizes=\"auto, (max-width: 706px) 89vw, (max-width: 767px) 82vw, 740px\" \/><\/figure>\n","protected":false},"excerpt":{"rendered":"<p>Ykk\u00f6spakki Oy:n pakista l\u00f6ytyy monipuolista osaamista. Alla lueteltu muutamia palveluita joita voimme tarjota. Kysy rohkeasti lis\u00e4\u00e4! Kurottaja- ja konety\u00f6t Pienet remontti- ja korjausty\u00f6t Rakennusaputy\u00f6t ja rakennusty\u00f6t Hitsaus Kiinteist\u00f6nhuolto ja m\u00f6kkitalkkari Vuokraa ty\u00f6ntekij\u00e4 yritykselle K\u00e4rryvuokraus<\/p>\n","protected":false},"author":1,"featured_media":0,"parent":0,"menu_order":0,"comment_status":"closed","ping_status":"closed","template":"","meta":{"footnotes":""},"class_list":["post-191","page","type-page","status-publish","hentry"],"_links":{"self":[{"href":"https:\/\/ykkospakki.fi\/index.php\/wp-json\/wp\/v2\/pages\/191","targetHints":{"allow":["GET"]}}],"collection":[{"href":"https:\/\/ykkospakki.fi\/index.php\/wp-json\/wp\/v2\/pages"}],"about":[{"href":"https:\/\/ykkospakki.fi\/index.php\/wp-json\/wp\/v2\/types\/page"}],"author":[{"embeddable":true,"href":"https:\/\/ykkospakki.fi\/index.php\/wp-json\/wp\/v2\/users\/1"}],"replies":[{"embeddable":true,"href":"https:\/\/ykkospakki.fi\/index.php\/wp-json\/wp\/v2\/comments?post=191"}],"version-history":[{"count":17,"href":"https:\/\/ykkospakki.fi\/index.php\/wp-json\/wp\/v2\/pages\/191\/revisions"}],"predecessor-version":[{"id":342,"href":"https:\/\/ykkospakki.fi\/index.php\/wp-json\/wp\/v2\/pages\/191\/revisions\/342"}],"wp:attachment":[{"href":"https:\/\/ykkospakki.fi\/index.php\/wp-json\/wp\/v2\/media?parent=191"}],"curies":[{"name":"wp","href":"https:\/\/api.w.org\/{rel}","templated":true}]}}